{"id":15,"date":"2012-12-18T10:47:28","date_gmt":"2012-12-18T09:47:28","guid":{"rendered":"https:\/\/www.siafitalia.it\/campania\/?page_id=15"},"modified":"2013-10-11T09:50:17","modified_gmt":"2013-10-11T07:50:17","slug":"notizie","status":"publish","type":"page","link":"https:\/\/www.siafitalia.it\/campania\/notizie\/","title":{"rendered":"Notizie"},"content":{"rendered":"<p style=\"text-align: center\"><strong>FORMAT UNIVERSIT\u00c0 DEGLI STUDI DI NAPOLI \u2018FEDERICO II\u2019 FACOLT\u00c0 DI LETTERE E FILOSOFIA<\/strong><\/p>\n<p>&nbsp;<\/p>\n<p>Font, Margini, Interlinea<\/p>\n<p>Il laureando \u00e8 libero di scegliere un font di suo piacimento, purch\u00e9 elegante e di facile leggibilit\u00e0 (si\u00a0consigliano pertanto i \u2018classici\u2019 Times New Roman, Garamond, Book Antiqua, Bookman Old Style,\u00a0Perpetua).<\/p>\n<p>Per il corpo della Tesi si consiglia un carattere 14; per le citazioni un carattere 12; per le note un\u00a0carattere 11 o 10,5.<\/p>\n<p>L\u2019interlinea sar\u00e0 1,5 o doppia.<\/p>\n<p>Si raccomanda di \u2018giustificare\u2019 il corpo della tesi, le citazioni estese in corpo minore (evitando di\u00a0riportarle in modalit\u00e0 \u2018centrata\u2019) e le note, cos\u00ec da rendere allineata la pagina su entrambi i margini del\u00a0foglio.<\/p>\n<p>Si consiglia di non impostare \u2018margini\u2019 eccessivamente ampi (non superare i 3 cm per ogni lato). In caso\u00a0di Tesi particolarmente corpose, \u00e8 il caso di concordare con il rilegatore il margine sinistro. (3,5 cm)<\/p>\n","protected":false},"excerpt":{"rendered":"<p>FORMAT UNIVERSIT\u00c0 DEGLI STUDI DI NAPOLI \u2018FEDERICO II\u2019 FACOLT\u00c0 DI LETTERE E FILOSOFIA &nbsp; Font, Margini, Interlinea Il laureando \u00e8 libero di scegliere un font di suo piacimento, purch\u00e9 elegante e di facile leggibilit\u00e0 (si\u00a0consigliano pertanto i \u2018classici\u2019 Times New Roman, Garamond, Book Antiqua, Bookman Old Style,\u00a0Perpetua). Per il corpo della Tesi si consiglia un [&hellip;]<\/p>\n","protected":false},"author":1,"featured_media":0,"parent":0,"menu_order":0,"comment_status":"closed","ping_status":"open","template":"","meta":{"footnotes":""},"yoast_head":"<!-- This site is optimized with the Yoast SEO plugin v22.0 - https:\/\/yoast.com\/wordpress\/plugins\/seo\/ -->\r\n<title>Notizie - SIAF Campania<\/title>\r\n<meta name=\"robots\" content=\"index, follow, max-snippet:-1, max-image-preview:large, max-video-preview:-1\" \/>\r\n<link rel=\"canonical\" href=\"https:\/\/www.siafitalia.it\/campania\/notizie\/\" \/>\r\n<meta name=\"twitter:label1\" content=\"Tempo di lettura stimato\" \/>\n\t<meta name=\"twitter:data1\" content=\"1 minuto\" \/>\r\n<script type=\"application\/ld+json\" class=\"yoast-schema-graph\">{\"@context\":\"https:\/\/schema.org\",\"@graph\":[{\"@type\":\"WebPage\",\"@id\":\"https:\/\/www.siafitalia.it\/campania\/notizie\/\",\"url\":\"https:\/\/www.siafitalia.it\/campania\/notizie\/\",\"name\":\"Notizie - SIAF Campania\",\"isPartOf\":{\"@id\":\"https:\/\/www.siafitalia.it\/campania\/#website\"},\"datePublished\":\"2012-12-18T09:47:28+00:00\",\"dateModified\":\"2013-10-11T07:50:17+00:00\",\"inLanguage\":\"it-IT\",\"potentialAction\":[{\"@type\":\"ReadAction\",\"target\":[\"https:\/\/www.siafitalia.it\/campania\/notizie\/\"]}]},{\"@type\":\"WebSite\",\"@id\":\"https:\/\/www.siafitalia.it\/campania\/#website\",\"url\":\"https:\/\/www.siafitalia.it\/campania\/\",\"name\":\"SIAF Campania\",\"description\":\"Societa&#039; Italiana Armonizzatori Familiari,\",\"potentialAction\":[{\"@type\":\"SearchAction\",\"target\":{\"@type\":\"EntryPoint\",\"urlTemplate\":\"https:\/\/www.siafitalia.it\/campania\/?s={search_term_string}\"},\"query-input\":\"required name=search_term_string\"}],\"inLanguage\":\"it-IT\"}]}<\/script>\r\n<!-- \/ Yoast SEO plugin. -->","yoast_head_json":{"title":"Notizie - SIAF Campania","robots":{"index":"index","follow":"follow","max-snippet":"max-snippet:-1","max-image-preview":"max-image-preview:large","max-video-preview":"max-video-preview:-1"},"canonical":"https:\/\/www.siafitalia.it\/campania\/notizie\/","twitter_misc":{"Tempo di lettura stimato":"1 minuto"},"schema":{"@context":"https:\/\/schema.org","@graph":[{"@type":"WebPage","@id":"https:\/\/www.siafitalia.it\/campania\/notizie\/","url":"https:\/\/www.siafitalia.it\/campania\/notizie\/","name":"Notizie - SIAF Campania","isPartOf":{"@id":"https:\/\/www.siafitalia.it\/campania\/#website"},"datePublished":"2012-12-18T09:47:28+00:00","dateModified":"2013-10-11T07:50:17+00:00","inLanguage":"it-IT","potentialAction":[{"@type":"ReadAction","target":["https:\/\/www.siafitalia.it\/campania\/notizie\/"]}]},{"@type":"WebSite","@id":"https:\/\/www.siafitalia.it\/campania\/#website","url":"https:\/\/www.siafitalia.it\/campania\/","name":"SIAF Campania","description":"Societa&#039; Italiana Armonizzatori Familiari,","potentialAction":[{"@type":"SearchAction","target":{"@type":"EntryPoint","urlTemplate":"https:\/\/www.siafitalia.it\/campania\/?s={search_term_string}"},"query-input":"required name=search_term_string"}],"inLanguage":"it-IT"}]}},"_links":{"self":[{"href":"https:\/\/www.siafitalia.it\/campania\/wp-json\/wp\/v2\/pages\/15"}],"collection":[{"href":"https:\/\/www.siafitalia.it\/campania\/wp-json\/wp\/v2\/pages"}],"about":[{"href":"https:\/\/www.siafitalia.it\/campania\/wp-json\/wp\/v2\/types\/page"}],"author":[{"embeddable":true,"href":"https:\/\/www.siafitalia.it\/campania\/wp-json\/wp\/v2\/users\/1"}],"replies":[{"embeddable":true,"href":"https:\/\/www.siafitalia.it\/campania\/wp-json\/wp\/v2\/comments?post=15"}],"version-history":[{"count":4,"href":"https:\/\/www.siafitalia.it\/campania\/wp-json\/wp\/v2\/pages\/15\/revisions"}],"predecessor-version":[{"id":174,"href":"https:\/\/www.siafitalia.it\/campania\/wp-json\/wp\/v2\/pages\/15\/revisions\/174"}],"wp:attachment":[{"href":"https:\/\/www.siafitalia.it\/campania\/wp-json\/wp\/v2\/media?parent=15"}],"curies":[{"name":"wp","href":"https:\/\/api.w.org\/{rel}","templated":true}]}}