{"id":32,"date":"2012-12-18T10:52:39","date_gmt":"2012-12-18T09:52:39","guid":{"rendered":"https:\/\/www.siafitalia.it\/calabria\/?page_id=32"},"modified":"2013-02-18T09:24:54","modified_gmt":"2013-02-18T08:24:54","slug":"tirocini","status":"publish","type":"page","link":"https:\/\/www.siafitalia.it\/calabria\/tirocini\/","title":{"rendered":"Tirocini"},"content":{"rendered":"<p>La SIAF \u00e8 molto sensibile alla formazione dei giovani specialisti attraverso la pratica professionale, siamo convinti che la formazione sul campo \u00e8 un\u2019 attivit\u00e0 sulla quale investire poich\u00e9 permette di aprire una finestra sul mondo reale del lavoro e contemporaneamente restituire effettive opportunit\u00e0 di inserimento.<\/p>\n<p>Ci\u00f2\u00a0premesso, abbiamo pensato a due diverse modalit\u00e0 di articolare tale esperienza:<\/p>\n<p>1)\u00a0\u00a0\u00a0\u00a0\u00a0\u00a0Proporsi come Soggetto\u00a0<strong>Ospitante<\/strong><\/p>\n<p>2)\u00a0\u00a0\u00a0\u00a0\u00a0\u00a0Proporsi come soggetto\u00a0<strong>Promotore<\/strong><\/p>\n<p>Nel primo caso attraverso le proprie sedi regionali, la SIAF accoglie tirocinanti provenienti sia dalle nostre scuole di formazione accreditate che altri enti, studenti universitari, studenti di altre scuole non accreditate SIAF, persone che intendono intraprendere la nostra professione ecc. Sar\u00e0 sufficiente che la persona interessata si iscriva come socio in formazione includendo nella domanda di iscrizione la quota assicurativa e stipuli una convenzione di tirocinio tra la SIAF Nazionale e la scuola o l\u2019ente cui fa riferimento. Il tirocinante avr\u00e0 modo di inserirsi cos\u00ec nel circuito delle attivit\u00e0 delle nostre sedi regionali, per esempio, uno studente del terzo anno delle scuole di Counselor pu\u00f2 esercitarsi con gli studenti del primo anno di altre scuole di Counselor che hanno stipulato la convenzione di tirocinio; oppure uno studente delle scuole di Operatore Olistico pu\u00f2 offrire le proprie prestazioni professionali ai nostri soci professionisti che saranno in grado di restituire un parere sulle competenze da questo acquisite, oppure potranno esercitarsi con studenti di altre scuole sotto la direzione di un nostro tutor. Altri tirocinanti potranno direttamente affiancare i nostri Specialisti con la qualifica di Trainer seguendoli nelle proprie attivit\u00e0 professionali.<\/p>\n<p>Nel secondo caso invece la SIAF regionale, si pone come soggetto Promotore e stipuler\u00e0 direttamente delle convenzioni con enti esterni quali le ASL, \u00a0comuni, cooperative private ecc, in modo da poter indirizzare i propri soci a svolgere sia un tirocinio professionale che uno stage. Ad esempio stipulando delle convenzioni con organismi esterni, la SIAF pu\u00f2 inserire i propri specialisti presso i reparti delle ASL dove si ha maggiore richiesta di professionisti della relazione d\u2019aiuto, oppure proporre degli sportelli di ascolto presso le scuole, fare delle esperienze in cooperative come stagisti ecc.<\/p>\n","protected":false},"excerpt":{"rendered":"<p>La SIAF \u00e8 molto sensibile alla formazione dei giovani specialisti attraverso la pratica professionale, siamo convinti che la formazione sul campo \u00e8 un\u2019 attivit\u00e0 sulla quale investire poich\u00e9 permette di aprire una finestra sul mondo reale del lavoro e contemporaneamente restituire effettive opportunit\u00e0 di inserimento. Ci\u00f2\u00a0premesso, abbiamo pensato a due diverse modalit\u00e0 di articolare tale [&hellip;]<\/p>\n","protected":false},"author":1,"featured_media":0,"parent":0,"menu_order":0,"comment_status":"closed","ping_status":"closed","template":"","meta":{"footnotes":""},"yoast_head":"<!-- This site is optimized with the Yoast SEO plugin v22.0 - https:\/\/yoast.com\/wordpress\/plugins\/seo\/ -->\r\n<title>Tirocini - SIAF Calabria<\/title>\r\n<meta name=\"robots\" content=\"index, follow, max-snippet:-1, max-image-preview:large, max-video-preview:-1\" \/>\r\n<link rel=\"canonical\" href=\"https:\/\/www.siafitalia.it\/calabria\/tirocini\/\" \/>\r\n<meta name=\"twitter:label1\" content=\"Tempo di lettura stimato\" \/>\n\t<meta name=\"twitter:data1\" content=\"2 minuti\" \/>\r\n<script type=\"application\/ld+json\" class=\"yoast-schema-graph\">{\"@context\":\"https:\/\/schema.org\",\"@graph\":[{\"@type\":\"WebPage\",\"@id\":\"https:\/\/www.siafitalia.it\/calabria\/tirocini\/\",\"url\":\"https:\/\/www.siafitalia.it\/calabria\/tirocini\/\",\"name\":\"Tirocini - SIAF Calabria\",\"isPartOf\":{\"@id\":\"https:\/\/www.siafitalia.it\/calabria\/#website\"},\"datePublished\":\"2012-12-18T09:52:39+00:00\",\"dateModified\":\"2013-02-18T08:24:54+00:00\",\"inLanguage\":\"it-IT\",\"potentialAction\":[{\"@type\":\"ReadAction\",\"target\":[\"https:\/\/www.siafitalia.it\/calabria\/tirocini\/\"]}]},{\"@type\":\"WebSite\",\"@id\":\"https:\/\/www.siafitalia.it\/calabria\/#website\",\"url\":\"https:\/\/www.siafitalia.it\/calabria\/\",\"name\":\"SIAF Calabria\",\"description\":\"Societa&#039; Italiana Armonizzatori Familiari,\",\"potentialAction\":[{\"@type\":\"SearchAction\",\"target\":{\"@type\":\"EntryPoint\",\"urlTemplate\":\"https:\/\/www.siafitalia.it\/calabria\/?s={search_term_string}\"},\"query-input\":\"required name=search_term_string\"}],\"inLanguage\":\"it-IT\"}]}<\/script>\r\n<!-- \/ Yoast SEO plugin. -->","yoast_head_json":{"title":"Tirocini - SIAF Calabria","robots":{"index":"index","follow":"follow","max-snippet":"max-snippet:-1","max-image-preview":"max-image-preview:large","max-video-preview":"max-video-preview:-1"},"canonical":"https:\/\/www.siafitalia.it\/calabria\/tirocini\/","twitter_misc":{"Tempo di lettura stimato":"2 minuti"},"schema":{"@context":"https:\/\/schema.org","@graph":[{"@type":"WebPage","@id":"https:\/\/www.siafitalia.it\/calabria\/tirocini\/","url":"https:\/\/www.siafitalia.it\/calabria\/tirocini\/","name":"Tirocini - SIAF Calabria","isPartOf":{"@id":"https:\/\/www.siafitalia.it\/calabria\/#website"},"datePublished":"2012-12-18T09:52:39+00:00","dateModified":"2013-02-18T08:24:54+00:00","inLanguage":"it-IT","potentialAction":[{"@type":"ReadAction","target":["https:\/\/www.siafitalia.it\/calabria\/tirocini\/"]}]},{"@type":"WebSite","@id":"https:\/\/www.siafitalia.it\/calabria\/#website","url":"https:\/\/www.siafitalia.it\/calabria\/","name":"SIAF Calabria","description":"Societa&#039; Italiana Armonizzatori Familiari,","potentialAction":[{"@type":"SearchAction","target":{"@type":"EntryPoint","urlTemplate":"https:\/\/www.siafitalia.it\/calabria\/?s={search_term_string}"},"query-input":"required name=search_term_string"}],"inLanguage":"it-IT"}]}},"_links":{"self":[{"href":"https:\/\/www.siafitalia.it\/calabria\/wp-json\/wp\/v2\/pages\/32"}],"collection":[{"href":"https:\/\/www.siafitalia.it\/calabria\/wp-json\/wp\/v2\/pages"}],"about":[{"href":"https:\/\/www.siafitalia.it\/calabria\/wp-json\/wp\/v2\/types\/page"}],"author":[{"embeddable":true,"href":"https:\/\/www.siafitalia.it\/calabria\/wp-json\/wp\/v2\/users\/1"}],"replies":[{"embeddable":true,"href":"https:\/\/www.siafitalia.it\/calabria\/wp-json\/wp\/v2\/comments?post=32"}],"version-history":[{"count":3,"href":"https:\/\/www.siafitalia.it\/calabria\/wp-json\/wp\/v2\/pages\/32\/revisions"}],"predecessor-version":[{"id":103,"href":"https:\/\/www.siafitalia.it\/calabria\/wp-json\/wp\/v2\/pages\/32\/revisions\/103"}],"wp:attachment":[{"href":"https:\/\/www.siafitalia.it\/calabria\/wp-json\/wp\/v2\/media?parent=32"}],"curies":[{"name":"wp","href":"https:\/\/api.w.org\/{rel}","templated":true}]}}