{"id":11,"date":"2012-12-18T10:46:32","date_gmt":"2012-12-18T09:46:32","guid":{"rendered":"https:\/\/www.siafitalia.it\/calabria\/?page_id=11"},"modified":"2023-07-25T12:46:20","modified_gmt":"2023-07-25T10:46:20","slug":"patrocini","status":"publish","type":"page","link":"https:\/\/www.siafitalia.it\/calabria\/patrocini\/","title":{"rendered":"Patrocini"},"content":{"rendered":"<p>Il Patrocinio rappresenta una forma simbolica di adesione e una manifestazione di apprezzamento di SIAF<sup>\u00ae<\/sup>Italia ad iniziative ritenute meritevoli.\u00a0L\u2019iniziativa, di carattere sociale, culturale, scientifico o di interesse pubblico deve essere\u00a0rilevante e\u00a0non avere scopo di lucro; fanno eccezione iniziative che, anche se a scopo di lucro,\u00a0rientrano nei fini delle attivit\u00e0 culturali promuovendone l\u2019immagine e il prestigio, nonch\u00e8 quando sia prevista una finalit\u00e0 di beneficenza e solidariet\u00e0. La concessione del Patrocinio con l\u2019inserimento del logo SIAF<sup>\u00ae<\/sup>Italia \u00e8 gratuita.<\/p>\n<p>Allo scopo di rendere pi\u00f9 razionale ed efficace la concessione del patrocinio e, al tempo stesso, valorizzare al massimo i contenuti degli eventi scientifici e la loro diffusione \u00e8 necessario:<\/p>\n<ul>\n<li>compilare il modulo di richiesta presente\u00a0nell\u2019apposita sezione del sito, da qualsiasi soggetto, anche dai non soci SIAF<sup>\u00ae<\/sup>Italia, con un anticipo temporale di almeno 30 giorni dalla data dell\u2019evento;<\/li>\n<li>inoltrare la richiesta\u00a0corredata dal programma scientifico quanto pi\u00f9 articolato possibile: completo dei nominativi dei relatori e moderatori, segreteria scientifica e segreteria organizzativa con estremi telefonici\/fax\/posta elettronica, eventuale URL per il link sul nostro sito, luogo e date certe dell\u2019evento, etc.<\/li>\n<li>allegare eventuali immagini, brochure, programma ecc\u2026<\/li>\n<\/ul>\n<p>In questo caso, sar\u00e0 necessario effettuare un versamento non rimborsabile con Bollettino Postale c\/c n. 1960051 a favore di SIAF<sup>\u00ae<\/sup>Italia di \u20ac 50,00 (Euro cinquanta) quale contributo per i costi editoriali, organizzativi ed informatici da effettuare in unica soluzione.<\/p>\n<p>Conto Corrente n. 1960051 Intestato a SIAF<sup>\u00ae<\/sup>Italia<\/p>\n<p>IBAN: IT56F0760102800000001960051<\/p>\n<p>La concessione del Patrocinio alla manifestazione consentir\u00e0:<\/p>\n<ul>\n<li>la possibilit\u00e0 di utilizzo del logo SIAF<sup>\u00ae<\/sup>Italia sul materiale informativo dell\u2019evento;<\/li>\n<li>la possibilit\u00e0 di rilascio ECP;<\/li>\n<li>la \u201cvisibilit\u00e0\u201d dell\u2019evento sul sito SIAF<sup>\u00ae<\/sup>Italia, alla voce EVENTI PATROCINATI, con relativo link di collegamento all\u2019eventuale sito segnalato.<\/li>\n<\/ul>\n<p><strong><a href=\"https:\/\/www.siafitalia.it\/wp-content\/uploads\/2012\/10\/RICHIESTA-PATROCINIO.pdf\">MODULO DI RICHIESTA PATROCINIO \u2013 OBBLIGATORIO<\/a><\/strong><\/p>\n<p><strong><a href=\"https:\/\/www.siafitalia.it\/richiesta-di-patrocinio-per-manifestazioni-culturali\/\">RICHIESTA PATROCINIO ONLINE \u2013 OBBLIGATORIO<\/a><\/strong><\/p>\n","protected":false},"excerpt":{"rendered":"<p>Il Patrocinio rappresenta una forma simbolica di adesione e una manifestazione di apprezzamento di SIAF\u00aeItalia ad iniziative ritenute meritevoli.\u00a0L\u2019iniziativa, di carattere sociale, culturale, scientifico o di interesse pubblico deve essere\u00a0rilevante e\u00a0non avere scopo di lucro; fanno eccezione iniziative che, anche se a scopo di lucro,\u00a0rientrano nei fini delle attivit\u00e0 culturali promuovendone l\u2019immagine e il prestigio, [&hellip;]<\/p>\n","protected":false},"author":1,"featured_media":0,"parent":0,"menu_order":0,"comment_status":"closed","ping_status":"closed","template":"","meta":{"footnotes":""},"yoast_head":"<!-- This site is optimized with the Yoast SEO plugin v22.0 - https:\/\/yoast.com\/wordpress\/plugins\/seo\/ -->\r\n<title>Patrocini - SIAF Calabria<\/title>\r\n<meta name=\"robots\" content=\"index, follow, max-snippet:-1, max-image-preview:large, max-video-preview:-1\" \/>\r\n<link rel=\"canonical\" href=\"https:\/\/www.siafitalia.it\/calabria\/patrocini\/\" \/>\r\n<meta name=\"twitter:label1\" content=\"Tempo di lettura stimato\" \/>\n\t<meta name=\"twitter:data1\" content=\"2 minuti\" \/>\r\n<script type=\"application\/ld+json\" class=\"yoast-schema-graph\">{\"@context\":\"https:\/\/schema.org\",\"@graph\":[{\"@type\":\"WebPage\",\"@id\":\"https:\/\/www.siafitalia.it\/calabria\/patrocini\/\",\"url\":\"https:\/\/www.siafitalia.it\/calabria\/patrocini\/\",\"name\":\"Patrocini - SIAF Calabria\",\"isPartOf\":{\"@id\":\"https:\/\/www.siafitalia.it\/calabria\/#website\"},\"datePublished\":\"2012-12-18T09:46:32+00:00\",\"dateModified\":\"2023-07-25T10:46:20+00:00\",\"inLanguage\":\"it-IT\",\"potentialAction\":[{\"@type\":\"ReadAction\",\"target\":[\"https:\/\/www.siafitalia.it\/calabria\/patrocini\/\"]}]},{\"@type\":\"WebSite\",\"@id\":\"https:\/\/www.siafitalia.it\/calabria\/#website\",\"url\":\"https:\/\/www.siafitalia.it\/calabria\/\",\"name\":\"SIAF Calabria\",\"description\":\"Societa&#039; Italiana Armonizzatori Familiari,\",\"potentialAction\":[{\"@type\":\"SearchAction\",\"target\":{\"@type\":\"EntryPoint\",\"urlTemplate\":\"https:\/\/www.siafitalia.it\/calabria\/?s={search_term_string}\"},\"query-input\":\"required name=search_term_string\"}],\"inLanguage\":\"it-IT\"}]}<\/script>\r\n<!-- \/ Yoast SEO plugin. -->","yoast_head_json":{"title":"Patrocini - SIAF Calabria","robots":{"index":"index","follow":"follow","max-snippet":"max-snippet:-1","max-image-preview":"max-image-preview:large","max-video-preview":"max-video-preview:-1"},"canonical":"https:\/\/www.siafitalia.it\/calabria\/patrocini\/","twitter_misc":{"Tempo di lettura stimato":"2 minuti"},"schema":{"@context":"https:\/\/schema.org","@graph":[{"@type":"WebPage","@id":"https:\/\/www.siafitalia.it\/calabria\/patrocini\/","url":"https:\/\/www.siafitalia.it\/calabria\/patrocini\/","name":"Patrocini - SIAF Calabria","isPartOf":{"@id":"https:\/\/www.siafitalia.it\/calabria\/#website"},"datePublished":"2012-12-18T09:46:32+00:00","dateModified":"2023-07-25T10:46:20+00:00","inLanguage":"it-IT","potentialAction":[{"@type":"ReadAction","target":["https:\/\/www.siafitalia.it\/calabria\/patrocini\/"]}]},{"@type":"WebSite","@id":"https:\/\/www.siafitalia.it\/calabria\/#website","url":"https:\/\/www.siafitalia.it\/calabria\/","name":"SIAF Calabria","description":"Societa&#039; Italiana Armonizzatori Familiari,","potentialAction":[{"@type":"SearchAction","target":{"@type":"EntryPoint","urlTemplate":"https:\/\/www.siafitalia.it\/calabria\/?s={search_term_string}"},"query-input":"required name=search_term_string"}],"inLanguage":"it-IT"}]}},"_links":{"self":[{"href":"https:\/\/www.siafitalia.it\/calabria\/wp-json\/wp\/v2\/pages\/11"}],"collection":[{"href":"https:\/\/www.siafitalia.it\/calabria\/wp-json\/wp\/v2\/pages"}],"about":[{"href":"https:\/\/www.siafitalia.it\/calabria\/wp-json\/wp\/v2\/types\/page"}],"author":[{"embeddable":true,"href":"https:\/\/www.siafitalia.it\/calabria\/wp-json\/wp\/v2\/users\/1"}],"replies":[{"embeddable":true,"href":"https:\/\/www.siafitalia.it\/calabria\/wp-json\/wp\/v2\/comments?post=11"}],"version-history":[{"count":8,"href":"https:\/\/www.siafitalia.it\/calabria\/wp-json\/wp\/v2\/pages\/11\/revisions"}],"predecessor-version":[{"id":12288,"href":"https:\/\/www.siafitalia.it\/calabria\/wp-json\/wp\/v2\/pages\/11\/revisions\/12288"}],"wp:attachment":[{"href":"https:\/\/www.siafitalia.it\/calabria\/wp-json\/wp\/v2\/media?parent=11"}],"curies":[{"name":"wp","href":"https:\/\/api.w.org\/{rel}","templated":true}]}}